{"id":5136,"date":"2022-06-22T11:26:02","date_gmt":"2022-06-22T10:26:02","guid":{"rendered":"https:\/\/laboratoriojulianaandre.pt\/politique-de-cookies\/"},"modified":"2022-06-22T11:26:02","modified_gmt":"2022-06-22T10:26:02","slug":"politique-de-cookies","status":"publish","type":"page","link":"https:\/\/laboratoriojulianaandre.pt\/fr\/politique-de-cookies\/","title":{"rendered":"Politique de Cookies"},"content":{"rendered":"<section id=\"bt_bb_section69eb3fefb4d9a\" class=\"bt_bb_section bt_bb_layout_boxed_1200\"  data-bt-override-class=\"null\"><div class=\"bt_bb_port\"><div class=\"bt_bb_cell\"><div class=\"bt_bb_cell_inner\"><div class=\"bt_bb_row \"  data-bt-override-class=\"{}\"><div class=\"bt_bb_row_holder\" ><div  class=\"bt_bb_column col-xxl-12 col-xl-12 col-xs-12 col-sm-12 col-md-12 col-lg-12 bt_bb_vertical_align_top bt_bb_align_left bt_bb_padding_normal\"  data-width=\"12\" data-bt-override-class=\"{&quot;bt_bb_align_&quot;:{&quot;current_class&quot;:&quot;bt_bb_align_left&quot;,&quot;xxl&quot;:&quot;left&quot;,&quot;xl&quot;:&quot;left&quot;}}\"><div class=\"bt_bb_column_content\"><div class=\"bt_bb_separator bt_bb_border_style_none bt_bb_top_spacing_normal bt_bb_bottom_spacing_normal\" data-bt-override-class=\"null\"><\/div><div  class=\"bt_bb_text\" ><p>Le Site utilise des Cookies, ceux-ci \u00e9tant entendus comme des fichiers texte qui identifient l&rsquo;ordinateur de l&rsquo;Utilisateur sur le serveur de Juliana Andr\u00e9, Laborat\u00f3rio de Pr\u00f3tese Dent\u00e1ria, Unipessoal Lda. Ainsi, les Cookies utilis\u00e9s ne permettent pas d&rsquo;identifier individuellement l&rsquo;Utilisateur du Site et, dans cette mesure, ils ne constituent pas un outil de collecte de donn\u00e9es personnelles.<\/p>\n<p>Les cookies utilis\u00e9s stockent les pr\u00e9f\u00e9rences des Utilisateurs, leur offrant une utilisation plus rapide et plus efficace du Site.<\/p>\n<p>Concr\u00e8tement, le Site utilise les Cookies suivants :<\/p>\n<p><strong>Cookies permanents<\/strong>: sont des cookies qui sont stock\u00e9s dans le navigateur de votre ordinateur ou appareil mobile et qui sont utilis\u00e9s chaque fois que vous visitez le site Juliana Andr\u00e9, Laborat\u00f3rio de Pr\u00f3tese Dent\u00e1ria, Unipessoal Lda ou l&rsquo;un des magasins Juliana Andr\u00e9, Laborat\u00f3rio de Pr\u00f3tese Dent\u00e1ria, Unipessoal Lda. Ils sont g\u00e9n\u00e9ralement utilis\u00e9s pour orienter la navigation vers vos int\u00e9r\u00eats, ce qui nous permet de fournir un service plus personnalis\u00e9.<\/p>\n<p><strong>Cookies de session<\/strong>: Il s&rsquo;agit de cookies temporaires qui restent dans le fichier cookie du navigateur jusqu&rsquo;\u00e0 ce que le navigateur quitte le site Web, de sorte qu&rsquo;aucun enregistrement ne reste sur le disque dur de l&rsquo;utilisateur. Les informations collect\u00e9es par ces cookies sont utilis\u00e9es pour analyser les mod\u00e8les de trafic du site Web. En fin de compte, cela nous permet d&rsquo;am\u00e9liorer le contenu et d&rsquo;am\u00e9liorer la convivialit\u00e9 du site Web.<\/p>\n<p><strong>Cookies essentiels<\/strong>: vous permettre de naviguer sur le site Web et d&rsquo;utiliser ses applications, ainsi que d&rsquo;acc\u00e9der \u00e0 des zones s\u00e9curis\u00e9es du site Web. Sans ces cookies, les services que vous avez demand\u00e9s ne peuvent pas \u00eatre fournis.<\/p>\n<p><strong>Cookies de fonctionnalit\u00e9<\/strong>: enregistrer les pr\u00e9f\u00e9rences de l&rsquo;utilisateur concernant l&rsquo;utilisation du site Web, afin qu&rsquo;il ne soit pas n\u00e9cessaire de reconfigurer le site Web \u00e0 chaque fois que vous le visitez.<\/p>\n<p><strong>Cookies d&rsquo;analyse<\/strong>: sont ceux qui sont bien trait\u00e9s par nous ou par des tiers, nous permettent de quantifier le nombre d&rsquo;Utilisateurs et d&rsquo;effectuer des mesures et des analyses statistiques de la fa\u00e7on dont les Utilisateurs utilisent le service propos\u00e9. Nous examinons votre navigation sur notre site Internet, dans le but d&rsquo;am\u00e9liorer la fourniture des produits ou services que nous mettons \u00e0 votre disposition.<\/p>\n<p><strong>Cookies publicitaires<\/strong>: sont ceux qui, bien trait\u00e9s par nous ou par des tiers, nous permettent de g\u00e9rer plus efficacement l&rsquo;offre d&rsquo;espaces publicitaires qui existent sur le site, en pouvant analyser vos habitudes de navigation et vous montrer des publicit\u00e9s li\u00e9es \u00e0 votre profil de navigation.<\/p>\n<p><strong>Cookies tiers<\/strong>: Ces cookies sont cr\u00e9\u00e9s \u00e0 partir de services tiers tels que Google, Youtube, Facebook, etc\u2026 et peuvent \u00eatre utilis\u00e9s pour surveiller efficacement des services tels que la publicit\u00e9.<\/p>\n<p>L&rsquo;Utilisateur peut choisir de ne pas utiliser et corr\u00e9lativement de supprimer les Cookies susmentionn\u00e9s, via les param\u00e8tres de son navigateur, mais, dans ce cas, il peut arriver que le fonctionnement du Site subisse des modifications ou des limitations en ce qui concerne sa navigation.<\/p>\n<\/div><\/div><\/div><\/div><\/div><\/div><!-- cell_inner --><\/div><!-- cell --><\/div><!-- port --><\/section>","protected":false},"excerpt":{"rendered":"","protected":false},"author":1,"featured_media":0,"parent":0,"menu_order":0,"comment_status":"closed","ping_status":"closed","template":"","meta":{"_monsterinsights_skip_tracking":false,"_monsterinsights_sitenote_active":false,"_monsterinsights_sitenote_note":"","_monsterinsights_sitenote_category":0,"footnotes":""},"aioseo_notices":[],"_links":{"self":[{"href":"https:\/\/laboratoriojulianaandre.pt\/fr\/wp-json\/wp\/v2\/pages\/5136"}],"collection":[{"href":"https:\/\/laboratoriojulianaandre.pt\/fr\/wp-json\/wp\/v2\/pages"}],"about":[{"href":"https:\/\/laboratoriojulianaandre.pt\/fr\/wp-json\/wp\/v2\/types\/page"}],"author":[{"embeddable":true,"href":"https:\/\/laboratoriojulianaandre.pt\/fr\/wp-json\/wp\/v2\/users\/1"}],"replies":[{"embeddable":true,"href":"https:\/\/laboratoriojulianaandre.pt\/fr\/wp-json\/wp\/v2\/comments?post=5136"}],"version-history":[{"count":2,"href":"https:\/\/laboratoriojulianaandre.pt\/fr\/wp-json\/wp\/v2\/pages\/5136\/revisions"}],"predecessor-version":[{"id":5138,"href":"https:\/\/laboratoriojulianaandre.pt\/fr\/wp-json\/wp\/v2\/pages\/5136\/revisions\/5138"}],"wp:attachment":[{"href":"https:\/\/laboratoriojulianaandre.pt\/fr\/wp-json\/wp\/v2\/media?parent=5136"}],"curies":[{"name":"wp","href":"https:\/\/api.w.org\/{rel}","templated":true}]}}