{"id":5103,"date":"2022-06-22T10:40:34","date_gmt":"2022-06-22T09:40:34","guid":{"rendered":"https:\/\/laboratoriojulianaandre.pt\/formulaire-de-demande\/"},"modified":"2022-06-22T10:49:10","modified_gmt":"2022-06-22T09:49:10","slug":"formulaire-de-demande","status":"publish","type":"page","link":"https:\/\/laboratoriojulianaandre.pt\/fr\/formulaire-de-demande\/","title":{"rendered":"Formulaire de Demande"},"content":{"rendered":"<section id=\"bt_bb_section69f7cd14c3d28\" class=\"bt_bb_section bt_bb_layout_boxed_1200 bt_bb_vertical_align_top bt_bb_top_spacing_normal\"  data-bt-override-class=\"null\"><div class=\"bt_bb_port\"><div class=\"bt_bb_cell\"><div class=\"bt_bb_cell_inner\"><div class=\"bt_bb_row \"  data-bt-override-class=\"{}\"><div class=\"bt_bb_row_holder\" ><div  class=\"bt_bb_column col-xxl-12 col-xl-12 col-xs-12 col-sm-12 col-md-12 col-lg-12 bt_bb_vertical_align_top bt_bb_align_left bt_bb_padding_normal\"  data-width=\"12\" data-bt-override-class=\"{}\"><div class=\"bt_bb_column_content\"><div class=\"bt_bb_contact_form_7\">\n<div class=\"wpcf7 no-js\" id=\"wpcf7-f5104-o1\" lang=\"pt-PT\" dir=\"ltr\">\n<div class=\"screen-reader-response\"><p role=\"status\" aria-live=\"polite\" aria-atomic=\"true\"><\/p> <ul><\/ul><\/div>\n<form action=\"\/fr\/wp-json\/wp\/v2\/pages\/5103#wpcf7-f5104-o1\" method=\"post\" class=\"wpcf7-form init\" aria-label=\"Formul\u00e1rio de contacto\" enctype=\"multipart\/form-data\" novalidate=\"novalidate\" data-status=\"init\">\n<div style=\"display: none;\">\n<input type=\"hidden\" name=\"_wpcf7\" value=\"5104\" \/>\n<input type=\"hidden\" name=\"_wpcf7_version\" value=\"5.9.6\" \/>\n<input type=\"hidden\" name=\"_wpcf7_locale\" value=\"pt_PT\" \/>\n<input type=\"hidden\" name=\"_wpcf7_unit_tag\" value=\"wpcf7-f5104-o1\" \/>\n<input type=\"hidden\" name=\"_wpcf7_container_post\" value=\"0\" \/>\n<input type=\"hidden\" name=\"_wpcf7_posted_data_hash\" value=\"\" \/>\n<\/div>\n<p><label> Clinique<br \/>\n<span class=\"wpcf7-form-control-wrap\" data-name=\"your-clinic-name\"><input size=\"40\" maxlength=\"80\" class=\"wpcf7-form-control wpcf7-text wpcf7-validates-as-required\" aria-required=\"true\" aria-invalid=\"false\" value=\"\" type=\"text\" name=\"your-clinic-name\" \/><\/span> <\/label>\n<\/p>\n<p><label> Docteur<br \/>\n<span class=\"wpcf7-form-control-wrap\" data-name=\"your-doctor-name\"><input size=\"40\" maxlength=\"80\" class=\"wpcf7-form-control wpcf7-text wpcf7-validates-as-required\" aria-required=\"true\" aria-invalid=\"false\" value=\"\" type=\"text\" name=\"your-doctor-name\" \/><\/span> <\/label>\n<\/p>\n<p><label> Nom du patient<br \/>\n<span class=\"wpcf7-form-control-wrap\" data-name=\"your-name\"><input size=\"40\" maxlength=\"80\" class=\"wpcf7-form-control wpcf7-text wpcf7-validates-as-required\" aria-required=\"true\" aria-invalid=\"false\" value=\"\" type=\"text\" name=\"your-name\" \/><\/span> <\/label>\n<\/p>\n<p><label> E-mail<br \/>\n<span class=\"wpcf7-form-control-wrap\" data-name=\"your-email\"><input size=\"40\" maxlength=\"80\" class=\"wpcf7-form-control wpcf7-email wpcf7-validates-as-required wpcf7-text wpcf7-validates-as-email\" aria-required=\"true\" aria-invalid=\"false\" value=\"\" type=\"email\" name=\"your-email\" \/><\/span> <\/label>\n<\/p>\n<p><label> \u00c2ge<br \/>\n<span class=\"wpcf7-form-control-wrap\" data-name=\"your-age\"><input size=\"40\" maxlength=\"80\" class=\"wpcf7-form-control wpcf7-text wpcf7-validates-as-required\" aria-required=\"true\" aria-invalid=\"false\" value=\"\" type=\"text\" name=\"your-age\" \/><\/span> <\/label>\n<\/p>\n<p><span class=\"wpcf7-form-control-wrap\" data-name=\"checkbox-gender\"><span class=\"wpcf7-form-control wpcf7-checkbox wpcf7-validates-as-required wpcf7-exclusive-checkbox\"><span class=\"wpcf7-list-item first\"><label><span class=\"wpcf7-list-item-label\">Homme<\/span><input type=\"checkbox\" name=\"checkbox-gender\" value=\"Homme\" \/><\/label><\/span><span class=\"wpcf7-list-item\"><label><span class=\"wpcf7-list-item-label\">Femme<\/span><input type=\"checkbox\" name=\"checkbox-gender\" value=\"Femme\" \/><\/label><\/span><span class=\"wpcf7-list-item last\"><label><span class=\"wpcf7-list-item-label\">Autre<\/span><input type=\"checkbox\" name=\"checkbox-gender\" value=\"Autre\" \/><\/label><\/span><\/span><\/span>\n<\/p>\n<p><label> \u00c9chelle<br \/>\n<span class=\"wpcf7-form-control-wrap\" data-name=\"your-scale\"><input size=\"40\" maxlength=\"80\" class=\"wpcf7-form-control wpcf7-text wpcf7-validates-as-required\" aria-required=\"true\" aria-invalid=\"false\" value=\"\" type=\"text\" name=\"your-scale\" \/><\/span> <\/label>\n<\/p>\n<p><label> Couleur de la Dent<br \/>\n<span class=\"wpcf7-form-control-wrap\" data-name=\"your-color\"><input size=\"40\" maxlength=\"80\" class=\"wpcf7-form-control wpcf7-text wpcf7-validates-as-required\" aria-required=\"true\" aria-invalid=\"false\" value=\"\" type=\"text\" name=\"your-color\" \/><\/span> <\/label>\n<\/p>\n<p><label> Type de travail<br \/>\n<span class=\"wpcf7-form-control-wrap\" data-name=\"your-work-type-message\"><textarea cols=\"40\" rows=\"10\" maxlength=\"400\" class=\"wpcf7-form-control wpcf7-textarea\" aria-invalid=\"false\" name=\"your-work-type-message\"><\/textarea><\/span> <\/label>\n<\/p>\n<p><label><br \/>\nSi le travail est l'implantologie, nous devons le savoir :<br \/>\n- Description du ou des implants (Marque, plateforme...)<br \/>\n- Informer si la clinique envoie des composants ou si le laboratoire proc\u00e8de \u00e0 la commande<br \/>\nImplantologie - informations sur le(s) implant(s)<br \/>\n<span class=\"wpcf7-form-control-wrap\" data-name=\"your-message\"><textarea cols=\"40\" rows=\"10\" maxlength=\"400\" class=\"wpcf7-form-control wpcf7-textarea\" aria-invalid=\"false\" name=\"your-message\"><\/textarea><\/span> <\/label>\n<\/p>\n<p><label> Protocole photographique:<br \/>\n- \u00e9chelle de couleurs<br \/>\n- debout, face \u00e0 vous avec un sourire d\u00e9tendu<br \/>\n- debout, face \u00e0 un sourire spontan\u00e9<br \/>\n- debout, de profil<br \/>\n<\/label>\n<\/p>\n<p><label> Protocole d'envoi :<br \/>\n- Envoi de STL(s) : sup\u00e9rieur, inf\u00e9rieur, articulation<br \/>\n- si disponible, envoyer la STL provisoire<br \/>\n<\/label>\n<\/p>\n<p>Joignez des fichiers:<br \/>\n<span class=\"wpcf7-form-control-wrap\" data-name=\"file-100\"><input size=\"40\" class=\"wpcf7-form-control wpcf7-file\" accept=\"audio\/*,video\/*,image\/*\" aria-invalid=\"false\" type=\"file\" name=\"file-100\" \/><\/span>\n<\/p>\n<p><span class=\"wpcf7-form-control-wrap\" data-name=\"acceptance-929\"><span class=\"wpcf7-form-control wpcf7-acceptance\"><span class=\"wpcf7-list-item\"><label><input type=\"checkbox\" name=\"acceptance-929\" value=\"1\" aria-invalid=\"false\" \/><span class=\"wpcf7-list-item-label\">En m'abonnant \u00e0 la newsletter, j'accepte le traitement des donn\u00e9es personnelles conform\u00e9ment \naux <a href='\/fr\/politique-de-confidentialite'>politiques de confidentialit\u00e9<\/a>.<\/span><\/label><\/span><\/span><\/span>\n<\/p>\n<p><input class=\"wpcf7-form-control wpcf7-submit has-spinner\" type=\"submit\" value=\"Envoyer\" \/>\n<\/p><p style=\"display: none !important;\" class=\"akismet-fields-container\" data-prefix=\"_wpcf7_ak_\"><label>&#916;<textarea name=\"_wpcf7_ak_hp_textarea\" cols=\"45\" rows=\"8\" maxlength=\"100\"><\/textarea><\/label><input type=\"hidden\" id=\"ak_js_1\" name=\"_wpcf7_ak_js\" value=\"161\"\/><script type=\"text\/javascript\">\n\/* <![CDATA[ *\/\ndocument.getElementById( \"ak_js_1\" ).setAttribute( \"value\", ( new Date() ).getTime() );\n\/* ]]> *\/\n<\/script>\n<\/p><input type='hidden' class='wpcf7-pum' value='{\"closepopup\":false,\"closedelay\":0,\"openpopup\":false,\"openpopup_id\":0}' \/><div class=\"wpcf7-response-output\" aria-hidden=\"true\"><\/div>\n<\/form>\n<\/div>\n<\/div><\/div><\/div><\/div><\/div><div class=\"bt_bb_row \"  data-bt-override-class=\"{}\"><div class=\"bt_bb_row_holder\" ><div  class=\"bt_bb_column col-xxl-12 col-xl-12 col-xs-12 col-sm-12 col-md-12 col-lg-12 bt_bb_vertical_align_top bt_bb_align_left bt_bb_padding_normal\"  data-width=\"12\" data-bt-override-class=\"{}\"><div class=\"bt_bb_column_content\"><\/div><\/div><\/div><\/div><\/div><!-- cell_inner --><\/div><!-- cell --><\/div><!-- port --><\/section>\n","protected":false},"excerpt":{"rendered":"","protected":false},"author":1,"featured_media":0,"parent":0,"menu_order":0,"comment_status":"closed","ping_status":"closed","template":"","meta":{"_monsterinsights_skip_tracking":false,"_monsterinsights_sitenote_active":false,"_monsterinsights_sitenote_note":"","_monsterinsights_sitenote_category":0,"footnotes":""},"aioseo_notices":[],"_links":{"self":[{"href":"https:\/\/laboratoriojulianaandre.pt\/fr\/wp-json\/wp\/v2\/pages\/5103"}],"collection":[{"href":"https:\/\/laboratoriojulianaandre.pt\/fr\/wp-json\/wp\/v2\/pages"}],"about":[{"href":"https:\/\/laboratoriojulianaandre.pt\/fr\/wp-json\/wp\/v2\/types\/page"}],"author":[{"embeddable":true,"href":"https:\/\/laboratoriojulianaandre.pt\/fr\/wp-json\/wp\/v2\/users\/1"}],"replies":[{"embeddable":true,"href":"https:\/\/laboratoriojulianaandre.pt\/fr\/wp-json\/wp\/v2\/comments?post=5103"}],"version-history":[{"count":1,"href":"https:\/\/laboratoriojulianaandre.pt\/fr\/wp-json\/wp\/v2\/pages\/5103\/revisions"}],"predecessor-version":[{"id":5114,"href":"https:\/\/laboratoriojulianaandre.pt\/fr\/wp-json\/wp\/v2\/pages\/5103\/revisions\/5114"}],"wp:attachment":[{"href":"https:\/\/laboratoriojulianaandre.pt\/fr\/wp-json\/wp\/v2\/media?parent=5103"}],"curies":[{"name":"wp","href":"https:\/\/api.w.org\/{rel}","templated":true}]}}