{"id":5017,"date":"2022-06-21T16:43:06","date_gmt":"2022-06-21T15:43:06","guid":{"rendered":"https:\/\/laboratoriojulianaandre.pt\/servicios\/faq\/"},"modified":"2022-06-21T16:43:07","modified_gmt":"2022-06-21T15:43:07","slug":"faq","status":"publish","type":"page","link":"https:\/\/laboratoriojulianaandre.pt\/es\/servicios\/faq\/","title":{"rendered":"FAQ"},"content":{"rendered":"<section id=\"bt_bb_section69eb3d4d270c5\" class=\"bt_bb_section bt_bb_layout_boxed_1200 bt_bb_vertical_align_top bt_bb_top_spacing_medium bt_bb_bottom_spacing_medium bt_bb_section_show_left_boxed_content\"  data-bt-override-class=\"null\"><div class=\"bt_bb_port\"><div class=\"bt_bb_cell\"><div class=\"bt_bb_cell_inner\"><div class=\"bt_bb_row \"  data-bt-override-class=\"{}\"><div class=\"bt_bb_row_holder\" ><div  class=\"bt_bb_column col-xxl-6 col-xl-6 bt_bb_vertical_align_top bt_bb_align_left bt_bb_padding_normal\"  data-width=\"6\" data-bt-override-class=\"{}\"><div class=\"bt_bb_column_content\"><header class=\"bt_bb_headline bt_bb_color_scheme_4 bt_bb_dash_none bt_bb_size_large bt_bb_align_inherit bt_bb_dash_type_none\" style=\"; --primary-color:#565656; --secondary-color:#ffffff;\" data-bt-override-class=\"{}\"><h3 class=\"bt_bb_headline_tag\"><span class=\"bt_bb_headline_content\"><span>Frequently Asked Questions<\/span><\/span><\/h3><\/header><div class=\"bt_bb_separator bt_bb_border_style_none bt_bb_top_spacing_extra_small bt_bb_bottom_spacing_small\" data-bt-override-class=\"null\"><\/div><div class=\"bt_bb_separator bt_bb_border_style_none bt_bb_bottom_spacing_normal\" data-bt-override-class=\"null\"><\/div><div class=\"bt_bb_accordion bt_bb_color_scheme_4 bt_bb_style_outline bt_bb_shape_round\" style=\"; --accordion-primary-color:#565656; --accordion-secondary-color:#ffffff;\"><div class=\"bt_bb_accordion_item\"><div class=\"bt_bb_accordion_item_title\">\u00bfC\u00d3MO SOLICITAR COTIZACIONES?<\/div><div class=\"bt_bb_accordion_item_content\"><div  class=\"bt_bb_text\" ><p>Para solicitar una cotizaci\u00f3n, puede enviar un correo electr\u00f3nico a geral@laboratoriojulianaandre.pt o solicitarla directamente en <a>Contactos<\/a>.<\/p>\n<\/div><\/div><\/div><div class=\"bt_bb_accordion_item\"><div class=\"bt_bb_accordion_item_title\">PLAZOS DE ENTREGA<\/div><div class=\"bt_bb_accordion_item_content\"><div  class=\"bt_bb_text\" ><p>Los plazos de entrega se describen en la tabla de productos en la secci\u00f3n Servicios.<\/p>\n<\/div><\/div><\/div><div class=\"bt_bb_accordion_item\"><div class=\"bt_bb_accordion_item_title\">SERVICIO DE RECOGIDA<\/div><div class=\"bt_bb_accordion_item_content\"><div  class=\"bt_bb_text\" ><p>Disponemos de servicio de recogida y entrega.<br \/>\nTambi\u00e9n trabajamos con transportistas y CTT.<br \/>\nTambi\u00e9n puede enviar su trabajo en archivo STL directamente a los contactos, si tiene un esc\u00e1ner intraoral.<\/p>\n<\/div><\/div><\/div><div class=\"bt_bb_accordion_item\"><div class=\"bt_bb_accordion_item_title\">\u00bfQU\u00c9 TIPO DE SERVICIOS TIENES?<\/div><div class=\"bt_bb_accordion_item_content\"><div  class=\"bt_bb_text\" ><p>Puede consultar nuestra tabla de Productos en la secci\u00f3n de Servicios as\u00ed como consultar nuestro Portafolio.<\/p>\n<\/div><\/div><\/div><\/div><div class=\"bt_bb_separator bt_bb_border_style_none bt_bb_bottom_spacing_medium bt_bb_hidden_md bt_bb_hidden_lg\" data-bt-override-class=\"null\"><\/div><\/div><\/div><div  class=\"bt_bb_column col-xxl-6 col-xl-6 bt_bb_vertical_align_top bt_bb_align_center bt_bb_padding_normal bt_bb_animation_fade_in animate\"  data-width=\"6\" data-bt-override-class=\"{}\"><div class=\"bt_bb_column_content\"><div class=\"bt_bb_image bt_bb_shape_square bt_bb_target_self bt_bb_align_inherit bt_bb_hover_style_simple bt_bb_content_display_always bt_bb_content_align_bottom\" style=\"max-width: 770px; margin-right: auto; display: block;\" data-bt-override-class=\"{}\"><span><img fetchpriority=\"high\" decoding=\"async\" width=\"774\" height=\"768\" src=\"https:\/\/laboratoriojulianaandre.pt\/wp-content\/uploads\/2020\/01\/kid.png\" class=\"attachment-full size-full\" alt=\"https:\/\/laboratoriojulianaandre.pt\/wp-content\/uploads\/2020\/01\/kid.png\" data-full_image_src=\"https:\/\/laboratoriojulianaandre.pt\/wp-content\/uploads\/2020\/01\/kid.png\" srcset=\"https:\/\/laboratoriojulianaandre.pt\/wp-content\/uploads\/2020\/01\/kid.png 774w, https:\/\/laboratoriojulianaandre.pt\/wp-content\/uploads\/2020\/01\/kid-100x100.png 100w, https:\/\/laboratoriojulianaandre.pt\/wp-content\/uploads\/2020\/01\/kid-600x595.png 600w, https:\/\/laboratoriojulianaandre.pt\/wp-content\/uploads\/2020\/01\/kid-640x635.png 640w, https:\/\/laboratoriojulianaandre.pt\/wp-content\/uploads\/2020\/01\/kid-160x160.png 160w, https:\/\/laboratoriojulianaandre.pt\/wp-content\/uploads\/2020\/01\/kid-768x762.png 768w, https:\/\/laboratoriojulianaandre.pt\/wp-content\/uploads\/2020\/01\/kid-320x318.png 320w\" sizes=\"(max-width: 774px) 100vw, 774px\" \/><\/span><\/div><div class=\"bt_bb_separator bt_bb_border_style_none bt_bb_bottom_spacing_medium\" data-bt-override-class=\"null\"><\/div><\/div><\/div><\/div><\/div><\/div><!-- cell_inner --><\/div><!-- cell --><\/div><!-- port --><\/section><section id=\"bt_bb_section69eb3d4d27e34\" class=\"bt_bb_section bt_bb_layout_boxed_1500 bt_bb_vertical_align_top\"  data-bt-override-class=\"null\"><div class=\"bt_bb_port\"><div class=\"bt_bb_cell\"><div class=\"bt_bb_cell_inner\"><div class=\"bt_bb_row \"  data-bt-override-class=\"{}\"><div class=\"bt_bb_row_holder\" ><div  class=\"bt_bb_column col-xxl-4 col-xl-4 col-xs-12 col-sm-12 col-md-12 col-lg-4 bt_bb_vertical_align_top bt_bb_align_left bt_bb_padding_normal\"  data-width=\"4\" data-bt-override-class=\"{}\"><div class=\"bt_bb_column_content\"><header class=\"bt_bb_headline bt_bb_dash_none bt_bb_size_inherit bt_bb_align_inherit bt_bb_dash_type_none\" data-bt-override-class=\"{&quot;bt_bb_align_&quot;:{&quot;current_class&quot;:&quot;bt_bb_align_inherit&quot;,&quot;xxl&quot;:&quot;inherit&quot;,&quot;xl&quot;:&quot;inherit&quot;}}\"><h4 class=\"bt_bb_headline_tag\"><span class=\"bt_bb_headline_content\"><span>Dr\u00aa Sandra Freitas (OMD 9447)<\/span><\/span><\/h4><\/header><div class=\"bt_bb_image bt_bb_shape_square bt_bb_target_self bt_bb_align_inherit bt_bb_hover_style_simple bt_bb_content_display_always bt_bb_content_align_middle\" data-bt-override-class=\"{&quot;bt_bb_align_&quot;:{&quot;current_class&quot;:&quot;bt_bb_align_inherit&quot;,&quot;xxl&quot;:&quot;inherit&quot;,&quot;xl&quot;:&quot;inherit&quot;}}\"><span><img decoding=\"async\" width=\"239\" height=\"60\" src=\"https:\/\/laboratoriojulianaandre.pt\/wp-content\/uploads\/2022\/03\/5STARS.png\" class=\"attachment-boldthemes_small_rectangle size-boldthemes_small_rectangle\" alt=\"https:\/\/laboratoriojulianaandre.pt\/wp-content\/uploads\/2022\/03\/5STARS.png\" data-full_image_src=\"https:\/\/laboratoriojulianaandre.pt\/wp-content\/uploads\/2022\/03\/5STARS.png\" title=\"5STARS\" \/><\/span><\/div><div class=\"bt_bb_separator bt_bb_border_style_none bt_bb_top_spacing_none bt_bb_bottom_spacing_none\" data-bt-override-class=\"{&quot;bt_bb_top_spacing_&quot;:{&quot;current_class&quot;:&quot;bt_bb_top_spacing_none&quot;,&quot;xxl&quot;:&quot;none&quot;,&quot;xl&quot;:&quot;none&quot;},&quot;bt_bb_bottom_spacing_&quot;:{&quot;current_class&quot;:&quot;bt_bb_bottom_spacing_none&quot;,&quot;xxl&quot;:&quot;none&quot;,&quot;xl&quot;:&quot;none&quot;}}\"><\/div><div  class=\"bt_bb_text\" ><p>\u201cProfesionalidad son las dos palabras que<br \/>\ndescribir mejor el trabajo de este equipo. Esta<br \/>\nempresa siempre est\u00e1 buscando evolucionar y<br \/>\ncrecer junto con sus clientes, sin nunca<br \/>\ndescuidando la simpat\u00eda y la comunicaci\u00f3n \u00f3ptima entre<br \/>\nlos profesionales. Los casos se discuten y<br \/>\nplanifican juntos para que el resultado final<br \/>\nsea perfecto.<br \/>\nRecomiendo 110%\u201d<\/p>\n<\/div><div class=\"bt_bb_separator bt_bb_border_style_none bt_bb_top_spacing_medium bt_bb_bottom_spacing_none\" data-bt-override-class=\"{&quot;bt_bb_top_spacing_&quot;:{&quot;current_class&quot;:&quot;bt_bb_top_spacing_medium&quot;,&quot;xxl&quot;:&quot;medium&quot;,&quot;xl&quot;:&quot;medium&quot;},&quot;bt_bb_bottom_spacing_&quot;:{&quot;current_class&quot;:&quot;bt_bb_bottom_spacing_none&quot;,&quot;xxl&quot;:&quot;none&quot;,&quot;xl&quot;:&quot;none&quot;}}\"><\/div><\/div><\/div><div  class=\"bt_bb_column col-xxl-4 col-xl-4 col-xs-12 col-sm-12 col-md-12 col-lg-4 bt_bb_vertical_align_top bt_bb_align_left bt_bb_padding_normal\"  data-width=\"4\" data-bt-override-class=\"{}\"><div class=\"bt_bb_column_content\"><div class=\"bt_bb_separator bt_bb_border_style_none bt_bb_top_spacing_none bt_bb_bottom_spacing_none\" data-bt-override-class=\"{&quot;bt_bb_top_spacing_&quot;:{&quot;current_class&quot;:&quot;bt_bb_top_spacing_none&quot;,&quot;xxl&quot;:&quot;none&quot;,&quot;xl&quot;:&quot;none&quot;},&quot;bt_bb_bottom_spacing_&quot;:{&quot;current_class&quot;:&quot;bt_bb_bottom_spacing_none&quot;,&quot;xxl&quot;:&quot;none&quot;,&quot;xl&quot;:&quot;none&quot;}}\"><\/div><header class=\"bt_bb_headline bt_bb_dash_none bt_bb_size_inherit bt_bb_align_inherit bt_bb_dash_type_none\" data-bt-override-class=\"{&quot;bt_bb_align_&quot;:{&quot;current_class&quot;:&quot;bt_bb_align_inherit&quot;,&quot;xxl&quot;:&quot;inherit&quot;,&quot;xl&quot;:&quot;inherit&quot;}}\"><h4 class=\"bt_bb_headline_tag\"><span class=\"bt_bb_headline_content\"><span>Dr\u00aa Margarida Santos (OMD 6607)<br \/>\n<\/span><\/span><\/h4><\/header><div class=\"bt_bb_image bt_bb_shape_square bt_bb_target_self bt_bb_align_inherit bt_bb_hover_style_simple bt_bb_content_display_always bt_bb_content_align_middle\" data-bt-override-class=\"{&quot;bt_bb_align_&quot;:{&quot;current_class&quot;:&quot;bt_bb_align_inherit&quot;,&quot;xxl&quot;:&quot;inherit&quot;,&quot;xl&quot;:&quot;inherit&quot;}}\"><span><img decoding=\"async\" width=\"239\" height=\"60\" src=\"https:\/\/laboratoriojulianaandre.pt\/wp-content\/uploads\/2022\/03\/5STARS.png\" class=\"attachment-boldthemes_small_rectangle size-boldthemes_small_rectangle\" alt=\"https:\/\/laboratoriojulianaandre.pt\/wp-content\/uploads\/2022\/03\/5STARS.png\" data-full_image_src=\"https:\/\/laboratoriojulianaandre.pt\/wp-content\/uploads\/2022\/03\/5STARS.png\" title=\"5STARS\" \/><\/span><\/div><div class=\"bt_bb_separator bt_bb_border_style_none bt_bb_top_spacing_none bt_bb_bottom_spacing_none\" data-bt-override-class=\"{&quot;bt_bb_top_spacing_&quot;:{&quot;current_class&quot;:&quot;bt_bb_top_spacing_none&quot;,&quot;xxl&quot;:&quot;none&quot;,&quot;xl&quot;:&quot;none&quot;},&quot;bt_bb_bottom_spacing_&quot;:{&quot;current_class&quot;:&quot;bt_bb_bottom_spacing_none&quot;,&quot;xxl&quot;:&quot;none&quot;,&quot;xl&quot;:&quot;none&quot;}}\"><\/div><div  class=\"bt_bb_text\" ><p>\u00abMe encanta el trabajo, la atenci\u00f3n, la profesionalidad,<br \/>\nentre ayuda, trabajo en equipo, recomiendo<br \/>\nde coraz\u00f3n, pacientes y cl\u00ednica satisfechos!! \u00a1Muchas<br \/>\ngracias a todo su fant\u00e1stico equipo!\u00bb<\/p>\n<\/div><div class=\"bt_bb_separator bt_bb_border_style_none bt_bb_top_spacing_medium bt_bb_bottom_spacing_none\" data-bt-override-class=\"{&quot;bt_bb_top_spacing_&quot;:{&quot;current_class&quot;:&quot;bt_bb_top_spacing_medium&quot;,&quot;xxl&quot;:&quot;medium&quot;,&quot;xl&quot;:&quot;medium&quot;},&quot;bt_bb_bottom_spacing_&quot;:{&quot;current_class&quot;:&quot;bt_bb_bottom_spacing_none&quot;,&quot;xxl&quot;:&quot;none&quot;,&quot;xl&quot;:&quot;none&quot;}}\"><\/div><\/div><\/div><div  class=\"bt_bb_column col-xxl-4 col-xl-4 col-xs-12 col-sm-12 col-md-12 col-lg-4 bt_bb_vertical_align_top bt_bb_align_left bt_bb_padding_normal\"  data-width=\"4\" data-bt-override-class=\"{}\"><div class=\"bt_bb_column_content\"><div class=\"bt_bb_separator bt_bb_border_style_none bt_bb_top_spacing_none bt_bb_bottom_spacing_none\" data-bt-override-class=\"{&quot;bt_bb_top_spacing_&quot;:{&quot;current_class&quot;:&quot;bt_bb_top_spacing_none&quot;,&quot;xxl&quot;:&quot;none&quot;,&quot;xl&quot;:&quot;none&quot;},&quot;bt_bb_bottom_spacing_&quot;:{&quot;current_class&quot;:&quot;bt_bb_bottom_spacing_none&quot;,&quot;xxl&quot;:&quot;none&quot;,&quot;xl&quot;:&quot;none&quot;}}\"><\/div><header class=\"bt_bb_headline bt_bb_dash_none bt_bb_size_inherit bt_bb_align_inherit bt_bb_dash_type_none\" data-bt-override-class=\"{&quot;bt_bb_align_&quot;:{&quot;current_class&quot;:&quot;bt_bb_align_inherit&quot;,&quot;xxl&quot;:&quot;inherit&quot;,&quot;xl&quot;:&quot;inherit&quot;}}\"><h4 class=\"bt_bb_headline_tag\"><span class=\"bt_bb_headline_content\"><span>Dr\u00aa Maria Campelo (OMD 09745)<br \/>\n<\/span><\/span><\/h4><\/header><div class=\"bt_bb_image bt_bb_shape_square bt_bb_target_self bt_bb_align_inherit bt_bb_hover_style_simple bt_bb_content_display_always bt_bb_content_align_middle\" data-bt-override-class=\"{&quot;bt_bb_align_&quot;:{&quot;current_class&quot;:&quot;bt_bb_align_inherit&quot;,&quot;xxl&quot;:&quot;inherit&quot;,&quot;xl&quot;:&quot;inherit&quot;}}\"><span><img decoding=\"async\" width=\"239\" height=\"60\" src=\"https:\/\/laboratoriojulianaandre.pt\/wp-content\/uploads\/2022\/03\/5STARS.png\" class=\"attachment-boldthemes_small_rectangle size-boldthemes_small_rectangle\" alt=\"https:\/\/laboratoriojulianaandre.pt\/wp-content\/uploads\/2022\/03\/5STARS.png\" data-full_image_src=\"https:\/\/laboratoriojulianaandre.pt\/wp-content\/uploads\/2022\/03\/5STARS.png\" title=\"5STARS\" \/><\/span><\/div><div class=\"bt_bb_separator bt_bb_border_style_none bt_bb_top_spacing_none bt_bb_bottom_spacing_none\" data-bt-override-class=\"{&quot;bt_bb_top_spacing_&quot;:{&quot;current_class&quot;:&quot;bt_bb_top_spacing_none&quot;,&quot;xxl&quot;:&quot;none&quot;,&quot;xl&quot;:&quot;none&quot;},&quot;bt_bb_bottom_spacing_&quot;:{&quot;current_class&quot;:&quot;bt_bb_bottom_spacing_none&quot;,&quot;xxl&quot;:&quot;none&quot;,&quot;xl&quot;:&quot;none&quot;}}\"><\/div><div  class=\"bt_bb_text\" ><p>\u00abProfesionalidad, dedicaci\u00f3n al 100% son sin duda las palabras con las que mejor puedo describir a este equipo con el que deposito mi total confianza en el trabajo que hacen por m\u00ed y muchas gracias por vuestra profesionalidad.\u00bb<\/p>\n<\/div><\/div><\/div><\/div><\/div><\/div><!-- cell_inner --><\/div><!-- cell --><\/div><!-- port --><\/section>","protected":false},"excerpt":{"rendered":"<p>Credibly innovate granular internal or organic sources whereas high standards in web-readiness. Energistically scale future-proof core competencies vis-a-vis impactful experiences. Dramatically synthesize integrated schemas with optimal networks.<\/p>\n","protected":false},"author":1,"featured_media":2891,"parent":4870,"menu_order":0,"comment_status":"closed","ping_status":"closed","template":"","meta":{"_monsterinsights_skip_tracking":false,"_monsterinsights_sitenote_active":false,"_monsterinsights_sitenote_note":"","_monsterinsights_sitenote_category":0,"footnotes":""},"aioseo_notices":[],"_links":{"self":[{"href":"https:\/\/laboratoriojulianaandre.pt\/es\/wp-json\/wp\/v2\/pages\/5017"}],"collection":[{"href":"https:\/\/laboratoriojulianaandre.pt\/es\/wp-json\/wp\/v2\/pages"}],"about":[{"href":"https:\/\/laboratoriojulianaandre.pt\/es\/wp-json\/wp\/v2\/types\/page"}],"author":[{"embeddable":true,"href":"https:\/\/laboratoriojulianaandre.pt\/es\/wp-json\/wp\/v2\/users\/1"}],"replies":[{"embeddable":true,"href":"https:\/\/laboratoriojulianaandre.pt\/es\/wp-json\/wp\/v2\/comments?post=5017"}],"version-history":[{"count":3,"href":"https:\/\/laboratoriojulianaandre.pt\/es\/wp-json\/wp\/v2\/pages\/5017\/revisions"}],"predecessor-version":[{"id":5020,"href":"https:\/\/laboratoriojulianaandre.pt\/es\/wp-json\/wp\/v2\/pages\/5017\/revisions\/5020"}],"up":[{"embeddable":true,"href":"https:\/\/laboratoriojulianaandre.pt\/es\/wp-json\/wp\/v2\/pages\/4870"}],"wp:featuredmedia":[{"embeddable":true,"href":"https:\/\/laboratoriojulianaandre.pt\/es\/wp-json\/wp\/v2\/media\/2891"}],"wp:attachment":[{"href":"https:\/\/laboratoriojulianaandre.pt\/es\/wp-json\/wp\/v2\/media?parent=5017"}],"curies":[{"name":"wp","href":"https:\/\/api.w.org\/{rel}","templated":true}]}}