{"id":4908,"date":"2022-06-21T15:54:23","date_gmt":"2022-06-21T14:54:23","guid":{"rendered":"https:\/\/laboratoriojulianaandre.pt\/politica-de-cookies\/"},"modified":"2022-06-21T15:54:24","modified_gmt":"2022-06-21T14:54:24","slug":"politica-de-cookies","status":"publish","type":"page","link":"https:\/\/laboratoriojulianaandre.pt\/es\/politica-de-cookies\/","title":{"rendered":"Pol\u00edtica de Cookies"},"content":{"rendered":"<section id=\"bt_bb_section69f29492612ce\" class=\"bt_bb_section bt_bb_layout_boxed_1200\"  data-bt-override-class=\"null\"><div class=\"bt_bb_port\"><div class=\"bt_bb_cell\"><div class=\"bt_bb_cell_inner\"><div class=\"bt_bb_row \"  data-bt-override-class=\"{}\"><div class=\"bt_bb_row_holder\" ><div  class=\"bt_bb_column col-xxl-12 col-xl-12 col-xs-12 col-sm-12 col-md-12 col-lg-12 bt_bb_vertical_align_top bt_bb_align_left bt_bb_padding_normal\"  data-width=\"12\" data-bt-override-class=\"{&quot;bt_bb_align_&quot;:{&quot;current_class&quot;:&quot;bt_bb_align_left&quot;,&quot;def&quot;:&quot;left&quot;,&quot;xl&quot;:&quot;left&quot;}}\"><div class=\"bt_bb_column_content\"><div class=\"bt_bb_separator bt_bb_border_style_none bt_bb_top_spacing_normal bt_bb_bottom_spacing_normal\" data-bt-override-class=\"null\"><\/div><div  class=\"bt_bb_text\" ><\/p>\n<p>El Sitio utiliza Cookies, entendidas como archivos de texto que identifican la computadora del Usuario en el servidor de Juliana Andr\u00e9, Laborat\u00f3rio de Pr\u00f3tese Dent\u00e1ria, Unipessoal Lda. De este modo, las Cookies utilizadas no identifican individualmente al Usuario del Sitio y, en esa medida, no constituyen una herramienta de recogida de datos de car\u00e1cter personal.<\/p>\n<p>Las cookies utilizadas almacenan las preferencias de los Usuarios, permiti\u00e9ndoles un uso m\u00e1s r\u00e1pido y eficaz del Sitio.<\/p>\n<p>Espec\u00edficamente, el Sitio utiliza las siguientes Cookies:<\/p>\n<p><strong>Cookies permanentes<\/strong>: son cookies que se almacenan en el navegador de su computadora o dispositivo m\u00f3vil y se utilizan cada vez que visita el sitio web Juliana Andr\u00e9, Laborat\u00f3rio de Pr\u00f3tese Dent\u00e1ria, Unipessoal Lda o una de las tiendas Juliana Andr\u00e9, Laborat\u00f3rio de Pr\u00f3tese Dent\u00e1ria, Unipessoal Lda. Generalmente se utilizan para dirigir la navegaci\u00f3n a sus intereses, lo que nos permite brindarle un servicio m\u00e1s personalizado.<\/p>\n<p><strong>Cookies de sesi\u00f3n<\/strong>: Son cookies temporales que permanecen en el archivo de cookies del navegador hasta que \u00e9ste abandona la p\u00e1gina web, por lo que no queda ning\u00fan registro en el disco duro del Usuario. La informaci\u00f3n recopilada por estas cookies se utiliza para analizar los patrones de tr\u00e1fico del sitio web. En \u00faltima instancia, esto nos permite mejorar el contenido y mejorar la usabilidad del sitio web.<\/p>\n<p><strong>Cookies esenciales<\/strong>: permitirle navegar por el sitio web y utilizar sus aplicaciones, as\u00ed como acceder a \u00e1reas seguras del sitio web. Sin estas cookies, no se pueden proporcionar los servicios que ha solicitado.<\/p>\n<p><strong>Cookies de funcionalidad<\/strong>: guardar las preferencias del usuario en cuanto al uso del sitio web, de forma que no sea necesario reconfigurar el sitio web cada vez que lo visite.<\/p>\n<p><strong>Cookies de an\u00e1lisis<\/strong>: son aquellas que bien tratadas por nosotros o por terceros, nos permiten cuantificar el n\u00famero de Usuarios y realizar la medici\u00f3n y an\u00e1lisis estad\u00edstico de la utilizaci\u00f3n que hacen los Usuarios del servicio ofertado. Examinamos su navegaci\u00f3n en nuestra p\u00e1gina web, con el objetivo de mejorar la prestaci\u00f3n de productos o servicios que ponemos a su disposici\u00f3n.<\/p>\n<p><strong>Cookies publicitarias<\/strong>: son aqu\u00e9llas que bien tratadas por nosotros o por terceros, nos permiten gestionar de una forma m\u00e1s eficaz la oferta de espacios publicitarios que existe en el sitio web, pudiendo analizar sus h\u00e1bitos de navegaci\u00f3n y mostrarle publicidad relacionada con su perfil de navegaci\u00f3n.<\/p>\n<p><strong>Cookies de Terceros<\/strong>: Estas cookies se crean a partir de servicios de terceros como Google, Youtube, Facebook, etc. y se pueden utilizar para monitorear de manera eficiente servicios como la publicidad.<\/p>\n<p>El Usuario puede optar por no utilizar y, en consecuencia, eliminar las Cookies antes mencionadas, a trav\u00e9s de la configuraci\u00f3n de su navegador, pero, en este caso, puede suceder que el funcionamiento del Sitio sufra cambios o limitaciones con respecto a su navegaci\u00f3n.<\/p>\n<p>\n<\/div><\/div><\/div><\/div><\/div><\/div><!-- cell_inner --><\/div><!-- cell --><\/div><!-- port --><\/section>\n","protected":false},"excerpt":{"rendered":"","protected":false},"author":1,"featured_media":0,"parent":0,"menu_order":0,"comment_status":"closed","ping_status":"closed","template":"","meta":{"_monsterinsights_skip_tracking":false,"_monsterinsights_sitenote_active":false,"_monsterinsights_sitenote_note":"","_monsterinsights_sitenote_category":0,"footnotes":""},"aioseo_notices":[],"_links":{"self":[{"href":"https:\/\/laboratoriojulianaandre.pt\/es\/wp-json\/wp\/v2\/pages\/4908"}],"collection":[{"href":"https:\/\/laboratoriojulianaandre.pt\/es\/wp-json\/wp\/v2\/pages"}],"about":[{"href":"https:\/\/laboratoriojulianaandre.pt\/es\/wp-json\/wp\/v2\/types\/page"}],"author":[{"embeddable":true,"href":"https:\/\/laboratoriojulianaandre.pt\/es\/wp-json\/wp\/v2\/users\/1"}],"replies":[{"embeddable":true,"href":"https:\/\/laboratoriojulianaandre.pt\/es\/wp-json\/wp\/v2\/comments?post=4908"}],"version-history":[{"count":2,"href":"https:\/\/laboratoriojulianaandre.pt\/es\/wp-json\/wp\/v2\/pages\/4908\/revisions"}],"predecessor-version":[{"id":4910,"href":"https:\/\/laboratoriojulianaandre.pt\/es\/wp-json\/wp\/v2\/pages\/4908\/revisions\/4910"}],"wp:attachment":[{"href":"https:\/\/laboratoriojulianaandre.pt\/es\/wp-json\/wp\/v2\/media?parent=4908"}],"curies":[{"name":"wp","href":"https:\/\/api.w.org\/{rel}","templated":true}]}}