{"id":4905,"date":"2022-06-21T12:05:04","date_gmt":"2022-06-21T11:05:04","guid":{"rendered":"https:\/\/laboratoriojulianaandre.pt\/politica-de-privacidad\/"},"modified":"2023-01-24T17:22:03","modified_gmt":"2023-01-24T17:22:03","slug":"politica-de-privacidad","status":"publish","type":"page","link":"https:\/\/laboratoriojulianaandre.pt\/es\/politica-de-privacidad\/","title":{"rendered":"Pol\u00edtica de Privacidad"},"content":{"rendered":"<section id=\"bt_bb_section69f2af3cb4768\" class=\"bt_bb_section bt_bb_layout_boxed_1200\"  data-bt-override-class=\"null\"><div class=\"bt_bb_port\"><div class=\"bt_bb_cell\"><div class=\"bt_bb_cell_inner\"><div class=\"bt_bb_row \"  data-bt-override-class=\"{}\"><div class=\"bt_bb_row_holder\" ><div  class=\"bt_bb_column col-xxl-12 col-xl-12 col-xs-12 col-sm-12 col-md-12 col-lg-12 bt_bb_vertical_align_top bt_bb_align_left bt_bb_padding_normal\"  data-width=\"12\" data-bt-override-class=\"{}\"><div class=\"bt_bb_column_content\"><div class=\"bt_bb_separator bt_bb_border_style_none bt_bb_top_spacing_normal bt_bb_bottom_spacing_normal\" data-bt-override-class=\"null\"><\/div><div  class=\"bt_bb_text\" ><\/p>\n<p style=\"text-align: justify;line-height: 150%\">La empresa Juliana Andr\u00e9, Laborat\u00f3rio de Pr\u00f3tese Dent\u00e1ria, Unipessoal Lda, con sede en Rua Padre Ant\u00f3nio Vieira, N.\u00ba 226, R\/C 4440-151 Campo Vlg, registrada con el n\u00famero de identificaci\u00f3n fiscal 516044800, que corresponde al n\u00famero de persona colectivo, pero en lo sucesivo denominado \u00fanicamente como Laborat\u00f3rio Juliana Andr\u00e9, es la entidad responsable por el funcionamiento del sitio web, es decir, de esta tienda en l\u00ednea, incluido su mantenimiento y colocaci\u00f3n de contenido, preocup\u00e1ndose por la protecci\u00f3n de los datos personales de sus clientes y usuarios.<\/p>\n<p style=\"text-align: justify;line-height: 150%\">La privacidad de los usuarios del sitio web es una preocupaci\u00f3n especial para Laborat\u00f3rio Juliana Andr\u00e9. En este sentido, hemos aprobado una Pol\u00edtica de Privacidad que define los principios generales aplicables a la recogida y tratamiento de datos personales, que cumpliremos estrictamente.<\/p>\n<p style=\"text-align: justify;line-height: 150%\">Laborat\u00f3rio Juliana Andr\u00e9 solicita a todos los clientes y usuarios de su tienda en l\u00ednea que lean atentamente la Pol\u00edtica de Privacidad y, si surge alguna pregunta relacionada con el ejercicio de sus derechos en esta materia, deben contactarnos a la siguiente direcci\u00f3n de correo electr\u00f3nico: geral@laboratioriojulianaandre.com.<\/p>\n<p style=\"text-align: justify;line-height: 150%\">Esta Pol\u00edtica de Privacidad se aplica al tratamiento de los datos personales proporcionados por el usuario en el \u00e1mbito del uso del sitio web del Laborat\u00f3rio Juliana Andr\u00e9, al realizar contactos para la compra de productos e identifica las categor\u00edas de informaci\u00f3n personal recopilada, el uso que se hace de esa informaci\u00f3n, as\u00ed como tambi\u00e9n c\u00f3mo se comparte y protege. De esta forma, damos a conocer los t\u00e9rminos y condiciones bajo los cuales se realiza el tratamiento de datos personales, a fin de que, cuando sea necesario, los usuarios puedan otorgar su consentimiento de forma libre, consciente, espec\u00edfica y debidamente informada.<\/p>\n<p style=\"text-align: justify;line-height: 150%\">No se requerir\u00e1 informaci\u00f3n personal para ver la plataforma. Sin embargo, si desea registrarse all\u00ed, se le solicitar\u00e1n datos personales, como se muestra a continuaci\u00f3n.<\/p>\n<p><b>DATOS PERSONALES QUE SE RECOPILAN<\/b><\/p>\n<p style=\"text-align: justify;line-height: 150%\">Laborat\u00f3rio Juliana Andr\u00e9 recopilar\u00e1, conservar\u00e1 y procesar\u00e1 informaci\u00f3n personal solo si utiliza el sitio web de Laborat\u00f3rio Juliana Andr\u00e9 para ver o comprar productos o cupones, o si el usuario (cliente o cliente potencial) proporciona voluntariamente esta informaci\u00f3n, es decir, si se suscribe al Bolet\u00edn de Laborat\u00f3rio Juliana Andr\u00e9, si participa en una promoci\u00f3n o concurso o si pone a disposici\u00f3n contenido personal en el sitio web de Laborat\u00f3rio Juliana Andr\u00e9, colocando este contenido en las p\u00e1ginas de Laborat\u00f3rio Juliana Andr\u00e9 en las redes sociales o utilizando el hashtag u otro identificador utilizado por Laborat\u00f3rio Juliana Andr\u00e9 Andr\u00e9 para integrar las redes sociales con el sitio web.<\/p>\n<p style=\"text-align: justify;line-height: 150%\">Esta informaci\u00f3n puede incluir elementos identificativos, como nombre, direcci\u00f3n, n\u00famero de tel\u00e9fono y direcci\u00f3n de correo electr\u00f3nico; datos de inicio de sesi\u00f3n y de la cuenta, incluidos el nombre de usuario y la contrase\u00f1a; informaci\u00f3n necesaria para la facturaci\u00f3n, como n\u00famero de identificaci\u00f3n fiscal, pago y tarjeta de cr\u00e9dito o d\u00e9bito; imagen y otra informaci\u00f3n personal que pueda aparecer en el contenido que el usuario proporciona al sitio web del Laborat\u00f3rio Juliana Andr\u00e9, a saber, fotos, videos, comentarios, as\u00ed como el nombre de la cuenta de la red social desde la cual esta informaci\u00f3n fue disponible.<\/p>\n<p style=\"text-align: justify;line-height: 150%\">En los formularios del sitio web del Laborat\u00f3rio Juliana Andr\u00e9, toda la informaci\u00f3n que se considera obligatoria para permitir el acceso a algunas partes del sitio web, a saber, con el fin de recibir marketing sobre productos y servicios o abrir una cuenta, o sobre la cual la prestaci\u00f3n de ciertos servicios solicitado por el usuario.<\/p>\n<p><b>DATOS PERSONALES RECOGIDOS AUTOM\u00c1TICAMENTE POR Laborat\u00f3rio Juliana Andr\u00e9<\/b><\/p>\n<p style=\"text-align: justify;line-height: 150%\">Al visitar el sitio web del Laborat\u00f3rio Juliana Andr\u00e9, algunas informaciones pueden ser recopiladas y almacenadas autom\u00e1ticamente, con fines de administraci\u00f3n del sistema, seguridad, respaldo, asistencia t\u00e9cnica o para uso puramente estad\u00edstico, tales como: fecha y hora, ubicaci\u00f3n geogr\u00e1fica, direcci\u00f3n IP de origen , opci\u00f3n de idioma, nombre de dominio, tipo de navegador y sistema operativo utilizado (cuando est\u00e9 disponible), URL de la p\u00e1gina de referencia (cuando est\u00e9 disponible), objeto solicitado y estado de ejecuci\u00f3n de la orden.<\/p>\n<p style=\"text-align: justify;line-height: 150%\"><b>FINALIDAD DEL TRATAMIENTO DE DATOS PERSONALES:<\/b><\/p>\n<ul>\n<li>Permitir el uso e introducci\u00f3n de mejoras en el sitio web del Laboratorio Juliana Andr\u00e9;<\/li>\n<li>Procesar transacciones y actividades relacionadas;<\/li>\n<li>Proporcionar productos;<\/li>\n<li>enviarle comunicaciones de marketing;<\/li>\n<li>Definir perfiles de consumo;<\/li>\n<li>Llevar a cabo an\u00e1lisis de mercado;<\/li>\n<li>Desarrollar, evaluar y mejorar el negocio de la tienda en l\u00ednea;<\/li>\n<li>Gestionar la relaci\u00f3n con los clientes y proveedores de servicios; y<\/li>\n<li>Cumplir con los requisitos legales y reglamentarios aplicables.<\/li>\n<\/ul>\n<p><b>ANTECEDENTES DEL TRATAMIENTO DE DATOS PERSONALES<\/b><\/p>\n<p style=\"text-align: justify;line-height: 150%\">Los datos personales ser\u00e1n tratados en base al consentimiento del interesado, cuando tengan por objeto la realizaci\u00f3n de actividades de marketing y actividades conexas o cuando as\u00ed est\u00e9 expresamente previsto en esta Pol\u00edtica de Privacidad, en la realizaci\u00f3n de actuaciones precontractuales o en la celebraci\u00f3n y ejecuci\u00f3n de un contrato, cuando est\u00e9 en juego la gesti\u00f3n de la relaci\u00f3n precontractual o contractual, en el inter\u00e9s leg\u00edtimo de desarrollar la actividad del responsable del tratamiento, en los supuestos en que tenga por objeto el desarrollo de los productos y servicios y del negocio, y en el cumplimiento de las obligaciones legales.<\/p>\n<p style=\"text-align: justify;line-height: 150%\">El consentimiento debe ser previo, libre, informado, espec\u00edfico e inequ\u00edvoco y prestado mediante declaraci\u00f3n escrita o mediante la validaci\u00f3n de una opci\u00f3n, incluso por medios electr\u00f3nicos. El cliente y\/o usuario podr\u00e1 retirar su consentimiento en cualquier momento, a trav\u00e9s de correo electr\u00f3nico o comunicaci\u00f3n escrita, sin que ello perjudique la licitud del tratamiento realizado en el consentimiento previamente prestado.<\/p>\n<p><b>COMPARTIR DATOS PERSONALES<\/b><\/p>\n<p style=\"text-align: justify;line-height: 150%\">Laborat\u00f3rio Juliana Andr\u00e9 no transferir\u00e1 ni divulgar\u00e1 los datos personales que recopila y procesa, con excepci\u00f3n de las situaciones previstas en esta Pol\u00edtica de Privacidad.<\/p>\n<p style=\"text-align: justify;line-height: 150%\">Los datos personales ser\u00e1n comunicados al Laborat\u00f3rio Juliana Andr\u00e9, para los fines descritos anteriormente, estrictamente necesarios para realizar operaciones relacionadas con el uso del Sitio y para procesar y ejecutar transacciones y actividades relacionadas, que est\u00e1n sujetas a deberes de confidencialidad.<\/p>\n<p style=\"text-align: justify;line-height: 150%\">Laborat\u00f3rio Juliana Andr\u00e9 compartir\u00e1 datos personales con entidades que prestan servicios, en particular, para fines contables, para procesamiento de pagos, para env\u00edo y entrega de productos o para asistencia t\u00e9cnica. Estas entidades est\u00e1n sujetas a obligaciones de confidencialidad y no est\u00e1n autorizadas a usar o divulgar datos personales, excepto en la medida necesaria para realizar los servicios prestados en nuestro nombre o para cumplir con los requisitos legales.<\/p>\n<p style=\"text-align: justify;line-height: 150%\">Laborat\u00f3rio Juliana Andr\u00e9 s\u00f3lo comunicar\u00e1 datos personales a socios comerciales, para los fines arriba identificados, si el cliente y\/o usuario ha dado su consentimiento previo, libre, informado, espec\u00edfico e inequ\u00edvoco para tal fin.<\/p>\n<p style=\"text-align: justify;line-height: 150%\">Laborat\u00f3rio Juliana Andr\u00e9 se reserva el derecho de transferir los datos personales que obtenga en caso de venta o transmisi\u00f3n, total o parcial, del negocio o de los activos, incluso en caso de reestructuraci\u00f3n o disoluci\u00f3n, pero solo despu\u00e9s de que se hayan tomado las medidas apropiadas. .para garantizar la seguridad y confidencialidad de los datos personales.<\/p>\n<p><b>DERECHO DE ACCESO, RECTIFICACI\u00d3N, OPOSICI\u00d3N, SUPRESI\u00d3N, LIMITACI\u00d3N Y PORTABILIDAD DE DATOS PERSONALES<\/b><\/p>\n<p style=\"text-align: justify;line-height: 150%\">El usuario y\/o cliente podr\u00e1, en cualquier momento, solicitar al Laboratorio Juliana Andr\u00e9 lo siguiente:<\/p>\n<ul>\n<li style=\"text-align: justify;line-height: 150%\">Acceder a la informaci\u00f3n que el Laboratorio Juliana Andr\u00e9 mantiene sobre usted;<\/li>\n<li style=\"text-align: justify;line-height: 150%\">La rectificaci\u00f3n de la informaci\u00f3n si es inexacta o incompleta;<\/li>\n<li style=\"text-align: justify;line-height: 150%\">Eliminar o limitar el procesamiento de sus datos personales;<\/li>\n<li style=\"text-align: justify;line-height: 150%\">Si el tratamiento depende de su consentimiento o conformidad y este se realiza por medios automatizados, tiene derecho a enviar los datos personales previamente proporcionados, en un formato estructurado, de uso com\u00fan y legible por ordenador.<\/li>\n<\/ul>\n<p style=\"text-align: justify;line-height: 150%\">Derecho de acceso: el titular de los datos personales tiene derecho a obtener del Laborat\u00f3rio Juliana Andr\u00e9 confirmaci\u00f3n de que los datos que le conciernen est\u00e1n siendo tratados o no y, en su caso, acceder a sus datos personales y acceder a la informaci\u00f3n prevista por la ley.<\/p>\n<p style=\"text-align: justify;line-height: 150%\">Derecho de rectificaci\u00f3n: el titular de los datos personales tiene derecho a obtener del Laboratorio Juliana Andr\u00e9, en breve, en un plazo no mayor a 10 d\u00edas h\u00e1biles, la rectificaci\u00f3n de los datos inexactos o incompletos que le conciernen.<\/p>\n<p style=\"text-align: justify;line-height: 150%\">Derecho a la supresi\u00f3n de los datos: el titular de los datos personales tiene derecho a obtener del Laboratorio Juliana Andr\u00e9 la supresi\u00f3n de sus datos, la cual deber\u00e1 efectuarse en un plazo no mayor a 10 d\u00edas, y \u00e9ste tiene la obligaci\u00f3n de suprimir los datos personales, sin retraso injustificado, cuando, en particular, concurra alguna de las siguientes causas:<\/p>\n<ul>\n<li style=\"text-align: justify;line-height: 150%\">Los datos personales ya no son necesarios para la finalidad para la que fueron recogidos o tratados;<\/li>\n<li style=\"text-align: justify;line-height: 150%\">El titular haya retirado su consentimiento para el tratamiento de datos (en los casos en que el tratamiento est\u00e9 basado en el consentimiento) y no exista otra base para dicho tratamiento;<\/li>\n<li style=\"text-align: justify;line-height: 150%\">El titular se opone al tratamiento y no prevalecen intereses leg\u00edtimos que justifiquen el tratamiento.<\/li>\n<\/ul>\n<p>Es posible que Laborat\u00f3rio Juliana Andr\u00e9 no pueda responder a una solicitud cuando sea necesaria para que su informaci\u00f3n personal cumpla con una obligaci\u00f3n legal o en relaci\u00f3n con procedimientos judiciales o para ejercer el derecho a la libertad de expresi\u00f3n e informaci\u00f3n.<\/p>\n<p style=\"text-align: justify;line-height: 150%\">Derecho a la limitaci\u00f3n del tratamiento: el interesado tiene derecho a obtener del Laborat\u00f3rio Juliana Andr\u00e9 la limitaci\u00f3n del tratamiento, si, en particular, concurre una de las siguientes situaciones:<\/p>\n<ul>\n<li style=\"text-align: justify;line-height: 150%\">Impugnar la exactitud de los datos personales, durante un plazo que permita al Laboratorio Juliana Andr\u00e9 verificar su exactitud;<\/li>\n<li style=\"text-align: justify;line-height: 150%\">El tratamiento de los datos es l\u00edcito y el interesado se opone a la supresi\u00f3n de los datos personales y solicita, a cambio, la limitaci\u00f3n de su uso;<\/li>\n<li style=\"text-align: justify;line-height: 150%\">Laborat\u00f3rio Juliana Andr\u00e9 ya no necesita datos personales para fines de procesamiento, pero estos datos son requeridos por el titular para los fines de declaraci\u00f3n, ejercicio o defensa de un derecho en un proceso judicial;<\/li>\n<li style=\"text-align: justify;line-height: 150%\">Si se ha opuesto al tratamiento, hasta que se compruebe que los motivos leg\u00edtimos del responsable del tratamiento prevalecen sobre los del interesado.<\/li>\n<\/ul>\n<p style=\"text-align: justify;line-height: 150%\">Cuando el usuario ejerza este derecho, Laborat\u00f3rio Juliana Andr\u00e9 s\u00f3lo podr\u00e1 almacenar sus datos personales. Sus datos no pueden procesarse a menos que d\u00e9 su consentimiento o el procesamiento sea necesario en relaci\u00f3n con una acci\u00f3n legal o para proteger los derechos de otra persona f\u00edsica o jur\u00eddica o por razones de inter\u00e9s p\u00fablico importante. Si esta situaci\u00f3n est\u00e1 justificada, le informaremos antes de retirar la limitaci\u00f3n del tratamiento.<\/p>\n<p style=\"text-align: justify;line-height: 150%\">Derecho a la portabilidad de los datos: si el tratamiento depende del consentimiento del interesado o es necesario para el cumplimiento de un contrato y dicho tratamiento se ha realizado por medios automatizados, el interesado tiene derecho a recibir los datos personales que le conciernen. dicho respeto y que usted ha proporcionado al Laboratorio Juliana Andr\u00e9 en un formato estructurado, de uso com\u00fan y lectura mec\u00e1nica.<\/p>\n<p style=\"text-align: justify;line-height: 150%\">Derecho de oposici\u00f3n: el usuario tiene derecho a oponerse en cualquier momento al procesamiento de sus datos personales en los casos en que el procesamiento de datos se realice para los intereses leg\u00edtimos perseguidos por Laborat\u00f3rio Juliana Andr\u00e9 y siempre que se realice el procesamiento de datos con fines de marketing directo o elaboraci\u00f3n de perfiles. Tambi\u00e9n puede, en cualquier momento, oponerse al procesamiento de sus datos personales.<\/p>\n<p style=\"text-align: justify;line-height: 150%\">El usuario tambi\u00e9n puede solicitar que Laborat\u00f3rio Juliana Andr\u00e9 deje de enviarle comunicaciones de marketing, ya sea por correo electr\u00f3nico o de otra manera. Para eso puedes (i) seleccionar las correspondientes opciones contenidas en los formularios existentes para la recogida de datos personales, (ii) haga clic en el enlace para darse de baja de los correos electr\u00f3nicos de marketing o (iii) solicitar, por correo electr\u00f3nico o por escrito, que su informaci\u00f3n no se procese con fines de marketing.<\/p>\n<p style=\"text-align: justify;line-height: 150%\">Los derechos de acceso, rectificaci\u00f3n, oposici\u00f3n, supresi\u00f3n, limitaci\u00f3n y portabilidad de los datos personales pueden ser solicitados al Laborat\u00f3rio Juliana Andr\u00e9 por correo electr\u00f3nico a la direcci\u00f3n: geral@laboratoriojulianaandre.com.<\/p>\n<p style=\"text-align: justify;line-height: 150%\">Sus solicitudes ser\u00e1n tratadas con especial cuidado para que Laborat\u00f3rio Juliana Andr\u00e9 pueda garantizar la efectividad de los derechos del consumidor\/usuario. Es posible que se le solicite al usuario que acredite su identidad para garantizar que el intercambio de datos personales solo se realice con el titular y, en ciertos casos (por ejemplo, debido a requisitos legales) la solicitud no puede ser satisfecha de inmediato. En cualquier caso, Laborat\u00f3rio Juliana Andr\u00e9 se compromete a informar al usuario de las medidas adoptadas a este respecto, en el plazo de un mes a partir del momento de la solicitud.<\/p>\n<p style=\"text-align: justify;line-height: 150%\">Para ejercer estos derechos, presentar un reclamo o demanda o solicitar aclaraciones sobre las pr\u00e1cticas de Laborat\u00f3rio Juliana Andr\u00e9 con respecto al tratamiento de datos personales, debe contactarnos a trav\u00e9s del correo electr\u00f3nico geral@laboratoriojulianaandre.com, o escribir a:<\/p>\n<p style=\"text-align: justify;line-height: 150%\">Juliana Andr\u00e9, Laborat\u00f3rio de Pr\u00f3tese Dent\u00e1ria, Unipessoal Lda, Rua Padre Ant\u00f3nio Vieira, N.\u00ba 226, R\/C 4440-151 Campo Vlg<\/p>\n<p style=\"text-align: justify;line-height: 150%\">Sin perjuicio de la posibilidad de reclamar ante el Laboratorio Juliana Andr\u00e9, el cliente y\/o usuario podr\u00e1 presentar reclamaci\u00f3n ante la autoridad de control:<\/p>\n<p style=\"text-align: justify;line-height: 150%\">Comiss\u00e3o Nacional de Prote\u00e7\u00e3o de Dados \u2013 CNPD, Rua de S\u00e3o Bento n.\u00ba 148, 3.\u00ba, 1200-821 Lisboa, Tel. +351213928400 (llamada a fijo nacional), geral@cnpd.pt, pudiendo consultar: https:\/\/www.cnpd.pt\/.<\/p>\n<p><b>ENLACES A OTROS SITIOS<\/b><\/p>\n<p style=\"text-align: justify;line-height: 150%\">El sitio web del Laboratorio Juliana Andr\u00e9 puede contener hiperv\u00ednculos a otros sitios web para fines de conveniencia o informaci\u00f3n. Estos Sitios pueden operar de manera independiente y pueden tener sus propias pol\u00edticas de privacidad y avisos que deben ser le\u00eddos por cualquier persona que los visite. Laborat\u00f3rio Juliana Andr\u00e9 no es responsable por el contenido, uso o procesamiento de datos personales en cualquier otro sitio web.<\/p>\n<p><b>C\u00d3MO SE PROTEGEN LOS DATOS PERSONALES<\/b><\/p>\n<p style=\"text-align: justify;line-height: 150%\">Laboratorio Juliana Andr\u00e9 adopta medidas t\u00e9cnicas y administrativas para proteger los datos personales contra la destrucci\u00f3n il\u00edcita o p\u00e9rdida accidental, alteraci\u00f3n, divulgaci\u00f3n o acceso no autorizado por terceros. Los proveedores de servicios que tengan acceso a datos personales, con el fin de prestar servicios en nombre del Laborat\u00f3rio Juliana Andr\u00e9, estar\u00e1n obligados contractualmente a mantener dichos datos confidencialmente, a implementar medidas de seguridad para la protecci\u00f3n de datos y no podr\u00e1n utilizar estos datos. cualquier otro prop\u00f3sito.<\/p>\n<p><b>CONSERVACI\u00d3N DE DATOS PERSONALES<\/b><\/p>\n<p style=\"text-align: justify;line-height: 150%\">Laborat\u00f3rio Juliana Andr\u00e9 conservar\u00e1 los datos personales por el per\u00edodo de tiempo necesario para los fines para los cuales fueron recolectados, incluso para la prestaci\u00f3n de los productos o servicios solicitados, o por el per\u00edodo de tiempo exigido por la ley.<\/p>\n<p style=\"text-align: justify;line-height: 150%\">Los datos tratados con fines de marketing o actividades afines o con vistas a la definici\u00f3n de perfiles se conservar\u00e1n hasta que el interesado revoque el consentimiento prestado.<\/p>\n<p style=\"text-align: justify;line-height: 150%\">Los datos personales facilitados por los clientes en la compra de productos o contrataci\u00f3n de servicios se conservar\u00e1n durante un plazo de 10 a\u00f1os, en lo que respecta a los datos de facturaci\u00f3n, y de 5 a\u00f1os, a partir de la fecha de compra o contrataci\u00f3n de servicios, cuando se conserven en funci\u00f3n de la necesidad de la Laboratorio Juliana Andr\u00e9 para defenderse de una reclamaci\u00f3n legal basada en responsabilidad contractual o extracontractual.<\/p>\n<p><b>TRANSFERENCIA DE DATOS<\/b><\/p>\n<p style=\"text-align: justify;line-height: 150%\">Laborat\u00f3rio Juliana Andr\u00e9 puede transferir y almacenar datos personales en pa\u00edses distintos de aquellos en los que fueron recopilados inicialmente, incluidos pa\u00edses fuera del Espacio Econ\u00f3mico Europeo (EEE), de conformidad con la ley aplicable. Es posible que estos pa\u00edses no tengan el mismo nivel de protecci\u00f3n de datos personales que el pa\u00eds donde se recopilaron los datos personales. Si y cuando Laborat\u00f3rio Juliana Andr\u00e9 transfiere datos personales para otros pa\u00edses, adoptar\u00e1 las medidas de protecci\u00f3n previstas en esta Pol\u00edtica de Privacidad y cumplir\u00e1 con las disposiciones legales aplicables que garanticen una protecci\u00f3n adecuada para las transferencias de datos a pa\u00edses fuera del EEE.<\/p>\n<p><b>ACTUALIZACI\u00d3N DE LA POL\u00cdTICA DE PRIVACIDAD<\/b><\/p>\n<p style=\"text-align: justify;line-height: 150%\">Esta Pol\u00edtica de Privacidad podr\u00e1 ser actualizada peri\u00f3dicamente y sin previo aviso para adaptarse a los cambios en el tratamiento de datos. En este caso, Laborat\u00f3rio Juliana Andr\u00e9 publicar\u00e1 avisos en el Sitio para informar sobre cualquier cambio sustancial en la Pol\u00edtica de Privacidad, siendo la Pol\u00edtica de Privacidad la fecha de su \u00faltima actualizaci\u00f3n. Se recomienda a todos los clientes y usuarios consultar peri\u00f3dicamente esta Pol\u00edtica para estar siempre al tanto de las actualizaciones.<\/p>\n<p><b>METODO DE CONTACTO<\/b><\/p>\n<p style=\"text-align: justify;line-height: 150%\">En caso de duda, sugerencia o cualquier cuesti\u00f3n sobre la Pol\u00edtica de Privacidad, si desea actualizar la informaci\u00f3n sobre sus opciones o si desea ejercer sus derechos de acceso, rectificaci\u00f3n, oposici\u00f3n, supresi\u00f3n, limitaci\u00f3n y portabilidad de sus datos personales, Ud. debe comunicarse con el Laboratorio Juliana Andr\u00e9 por correo electr\u00f3nico a geral@laboratoriojulianaandre.com, o escribir a:<\/p>\n<p>Juliana Andr\u00e9, Laborat\u00f3rio de Pr\u00f3tese Dent\u00e1ria, Unipessoal Lda, Rua Padre Ant\u00f3nio Vieira, N.\u00ba 226, R\/C 4440-151 Campo Vlg<\/p>\n<p style=\"text-align: justify;line-height: 150%\">NOTA IMPORTANTE: en caso de acceso indebido por parte de terceros, el cliente y la autoridad responsable ser\u00e1n advertidos de este hecho en un plazo m\u00e1ximo de 72 horas.<\/p>\n<p>\n<\/div><\/div><\/div><\/div><\/div><\/div><!-- cell_inner --><\/div><!-- cell --><\/div><!-- port --><\/section>\n","protected":false},"excerpt":{"rendered":"","protected":false},"author":1,"featured_media":0,"parent":0,"menu_order":0,"comment_status":"closed","ping_status":"closed","template":"","meta":{"_monsterinsights_skip_tracking":false,"_monsterinsights_sitenote_active":false,"_monsterinsights_sitenote_note":"","_monsterinsights_sitenote_category":0,"footnotes":""},"aioseo_notices":[],"_links":{"self":[{"href":"https:\/\/laboratoriojulianaandre.pt\/es\/wp-json\/wp\/v2\/pages\/4905"}],"collection":[{"href":"https:\/\/laboratoriojulianaandre.pt\/es\/wp-json\/wp\/v2\/pages"}],"about":[{"href":"https:\/\/laboratoriojulianaandre.pt\/es\/wp-json\/wp\/v2\/types\/page"}],"author":[{"embeddable":true,"href":"https:\/\/laboratoriojulianaandre.pt\/es\/wp-json\/wp\/v2\/users\/1"}],"replies":[{"embeddable":true,"href":"https:\/\/laboratoriojulianaandre.pt\/es\/wp-json\/wp\/v2\/comments?post=4905"}],"version-history":[{"count":3,"href":"https:\/\/laboratoriojulianaandre.pt\/es\/wp-json\/wp\/v2\/pages\/4905\/revisions"}],"predecessor-version":[{"id":5742,"href":"https:\/\/laboratoriojulianaandre.pt\/es\/wp-json\/wp\/v2\/pages\/4905\/revisions\/5742"}],"wp:attachment":[{"href":"https:\/\/laboratoriojulianaandre.pt\/es\/wp-json\/wp\/v2\/media?parent=4905"}],"curies":[{"name":"wp","href":"https:\/\/api.w.org\/{rel}","templated":true}]}}