{"id":4720,"date":"2022-06-20T16:37:37","date_gmt":"2022-06-20T15:37:37","guid":{"rendered":"https:\/\/laboratoriojulianaandre.pt\/privacy-policy\/"},"modified":"2023-01-24T17:20:31","modified_gmt":"2023-01-24T17:20:31","slug":"privacy-policy","status":"publish","type":"page","link":"https:\/\/laboratoriojulianaandre.pt\/en\/privacy-policy\/","title":{"rendered":"Privacy Policy"},"content":{"rendered":"<section id=\"bt_bb_section69eb3f0a67983\" class=\"bt_bb_section bt_bb_layout_boxed_1200\"  data-bt-override-class=\"null\"><div class=\"bt_bb_port\"><div class=\"bt_bb_cell\"><div class=\"bt_bb_cell_inner\"><div class=\"bt_bb_row \"  data-bt-override-class=\"{}\"><div class=\"bt_bb_row_holder\" ><div  class=\"bt_bb_column col-xxl-12 col-xl-12 col-xs-12 col-sm-12 col-md-12 col-lg-12 bt_bb_vertical_align_top bt_bb_align_left bt_bb_padding_normal\"  data-width=\"12\" data-bt-override-class=\"{}\"><div class=\"bt_bb_column_content\"><div class=\"bt_bb_separator bt_bb_border_style_none bt_bb_top_spacing_normal bt_bb_bottom_spacing_normal\" data-bt-override-class=\"null\"><\/div><div  class=\"bt_bb_text\" ><p style=\"text-align: justify;line-height: 150%\">The company Juliana Andr\u00e9, Laborat\u00f3rio de Pr\u00f3tese Dent\u00e1ria, Unipessoal Lda, headquartered at Rua Padre Ant\u00f3nio Vieira, N.\u00ba 226, R\/C 4440-151 Campo Vlg, registered with the tax identification number 516044800, which corresponds to the person number collective, but hereinafter referred to only as Laborat\u00f3rio Juliana Andr\u00e9, is the entity responsible for the operation of the website, that is, of this online store, including its maintenance and placement of content, being concerned with the protection of the personal data of its customers and users.<\/p>\n<p style=\"text-align: justify;line-height: 150%\">The privacy of website users is a special concern for Laborat\u00f3rio Juliana Andr\u00e9. In this sense, we have approved a Privacy Policy which defines the general principles applicable to the collection and processing of personal data, which we will strictly comply with.<\/p>\n<p style=\"text-align: justify;line-height: 150%\">Laborat\u00f3rio Juliana Andr\u00e9 asks all customers and users of its online store to carefully read the Privacy Policy and, if any question arises related to the exercise of their rights in this matter, they should contact us at the following email address: geral@laboratioriojulianaandre.com.<\/p>\n<p style=\"text-align: justify;line-height: 150%\">This Privacy Policy applies to the processing of personal data provided by the user within the scope of the use of the Laborat\u00f3rio Juliana Andr\u00e9 website, when making contacts for the purchase of products and identifies the categories of personal information collected, the use that is made of that information, as well as how it is shared and protected. In this way, we make known the terms and conditions under which the processing of personal data is processed, so that, when necessary, users can give their consent in a free, conscious, specific and duly informed way.<\/p>\n<p style=\"text-align: justify;line-height: 150%\">No personal information will be required to view the platform. However, if you wish to register there, you will be asked for personal data, as shown below.<\/p>\n<p><b>PERSONAL DATA THAT IS COLLECTED<\/b><\/p>\n<p style=\"text-align: justify;line-height: 150%\">Laborat\u00f3rio Juliana Andr\u00e9 will collect, keep and process personal information only if and when you use the Laborat\u00f3rio Juliana Andr\u00e9 website to view or purchase products or vouchers, or if the user (customer or potential customer) voluntarily provides this information, namely if he subscribes the Laborat\u00f3rio Juliana Andr\u00e9 newsletter, if you participate in a promotion or contest or if you make personal content available to the Laborat\u00f3rio Juliana Andr\u00e9 website, placing this content on the Laborat\u00f3rio Juliana Andr\u00e9 pages on social networks or using the hashtag or other identifier used by Laborat\u00f3rio Juliana Andr\u00e9 to integrate the social networks with the website.<\/p>\n<p style=\"text-align: justify;line-height: 150%\">This information may include identifying elements, such as name, address, telephone number and email address; access and account data, including username and password; information necessary for invoicing, such as tax number, payment and credit or debit card; image and other personal information that may appear in the content that the user provides to the Laborat\u00f3rio Juliana Andr\u00e9 website, namely photos, videos, comments, as well as the name of the social network account from which this information was made available.<\/p>\n<p style=\"text-align: justify;line-height: 150%\">In the forms on the Laborat\u00f3rio Juliana Andr\u00e9 website, all information that is considered mandatory to enable access to some parts of the website, namely for the purpose of receiving marketing about products and services or opening an account, or on which the provision of certain services requested by the user.<\/p>\n<p><b>PERSONAL DATA AUTOMATICALLY COLLECTED BY Laborat\u00f3rio Juliana Andr\u00e9<\/b><\/p>\n<p style=\"text-align: justify;line-height: 150%\">When visiting the Laborat\u00f3rio Juliana Andr\u00e9 website, some information may be collected and stored automatically, for the purposes of system management, security, backup, technical assistance or for purely statistical use, such as: date and time, geographic location, IP address of origin , language option, domain name, browser type and operating system used (when available), referring page URL (when available), requested object and order execution status.<\/p>\n<p style=\"text-align: justify;line-height: 150%\"><b>PURPOSE OF THE PROCESSING OF PERSONAL DATA:<\/b><\/p>\n<ul>\n<li>Allow the use and introduction of improvements on the Laborat\u00f3rio Juliana Andr\u00e9 website;<\/li>\n<li>Process transactions and related activities;<\/li>\n<li>Provide products;<\/li>\n<li>Send you marketing communications;<\/li>\n<li>Define consumption profiles;<\/li>\n<li>Carry out market analysis;<\/li>\n<li>Develop, evaluate and improve the online store business;<\/li>\n<li>Manage the relationship with customers and service providers; and<\/li>\n<li>Comply with applicable legal and regulatory requirements.<\/li>\n<\/ul>\n<p><b>BACKGROUND OF THE PROCESSING OF PERSONAL DATA<\/b><\/p>\n<p style=\"text-align: justify;line-height: 150%\">Personal data will be processed based on the consent of the data subject, when they are intended to carry out marketing activities and related activities or when this is expressly provided for in this Privacy Policy, in the performance of pre-contractual steps or in the conclusion and execution of a contract, when the management of the pre-contractual or contractual relationship is at stake, in the legitimate interest of developing the activity of the controller, in situations where the development of products and services and the business is aimed, and in the fulfillment of legal obligations.<\/p>\n<p style=\"text-align: justify;line-height: 150%\">Consent must be prior, free, informed, specific and unambiguous and provided by means of a written declaration or through the validation of an option, including through electronic means. The customer and\/or user may withdraw their consent at any time, via email or written communication, without compromising the lawfulness of the processing carried out in the consent previously given.<\/p>\n<p><b>SHARING PERSONAL DATA<\/b><\/p>\n<p style=\"text-align: justify;line-height: 150%\">Laborat\u00f3rio Juliana Andr\u00e9 will not transfer or disclose the personal data that it collects and processes, with the exception of the situations provided for in this Privacy Policy.<\/p>\n<p style=\"text-align: justify;line-height: 150%\">Personal data will be communicated to Laborat\u00f3rio Juliana Andr\u00e9, for the purposes described above, strictly necessary to carry out operations related to the use of the Site and to process and execute transactions and related activities, which are subject to confidentiality duties.<\/p>\n<p style=\"text-align: justify;line-height: 150%\">Laborat\u00f3rio Juliana Andr\u00e9 will share personal data with entities that provide services, namely for accounting purposes, for payment processing, for dispatch and delivery of products or for technical assistance. These entities are subject to confidentiality obligations and are not authorized to use or disclose personal data, except to the extent necessary to perform the services provided on our behalf or to comply with legal requirements.<\/p>\n<p style=\"text-align: justify;line-height: 150%\">Laborat\u00f3rio Juliana Andr\u00e9 will only communicate personal data to business partners, for the purposes identified above, if the customer and\/or user has given their prior, free, informed, specific and unequivocal consent for that purpose.<\/p>\n<p style=\"text-align: justify;line-height: 150%\">Laborat\u00f3rio Juliana Andr\u00e9 reserves the right to transfer the personal data it obtains in the event of sale or transmission, in whole or in part, of the business or assets, including in the event of restructuring or dissolution, but only after appropriate measures have been taken. to ensure the security and confidentiality of personal data.<\/p>\n<p><b>RIGHT OF ACCESS, RECTIFICATION, OPPOSITION, DELETION, LIMITATION AND PORTABILITY OF PERSONAL DATA<\/b><\/p>\n<p style=\"text-align: justify;line-height: 150%\">The user and\/or client may, at any time, ask the Juliana Andr\u00e9 Laboratory for the following:<\/p>\n<ul>\n<li style=\"text-align: justify;line-height: 150%\">Access to information that the Juliana Andr\u00e9 Laboratory maintains about you;<\/li>\n<li style=\"text-align: justify;line-height: 150%\">The rectification of the information if it is inaccurate or incomplete;<\/li>\n<li style=\"text-align: justify;line-height: 150%\">Deleting or limiting the processing of your personal data;<\/li>\n<li style=\"text-align: justify;line-height: 150%\">If the processing depends on your consent or agreement and this is carried out by automated means, you have the right to send the personal data previously provided, in a structured, commonly used and computer-readable format.<\/li>\n<\/ul>\n<p style=\"text-align: justify;line-height: 150%\">Right of access: the holder of personal data has the right to obtain from Laborat\u00f3rio Juliana Andr\u00e9 confirmation that the data concerning him or her are being processed or not and, if applicable, to access their personal data and access the information provided for by law.<\/p>\n<p style=\"text-align: justify;line-height: 150%\">Right of rectification: the holder of personal data has the right to obtain from the Juliana Andr\u00e9 Laboratory, shortly, within a period not exceeding 10 working days, the rectification of inaccurate or incomplete data concerning him.<\/p>\n<p style=\"text-align: justify;line-height: 150%\">Right to data erasure: the holder of the personal data has the right to obtain from the Juliana Andr\u00e9 Laboratory the erasure of his data, which must happen within a period not exceeding 10 days, and the latter has the obligation to erase the personal data, without unjustified delay, when, in particular, one of the following reasons applies:<\/p>\n<ul>\n<li style=\"text-align: justify;line-height: 150%\">Personal data are no longer necessary for the purpose for which they were collected or processed;<\/li>\n<li style=\"text-align: justify;line-height: 150%\">The holder has withdrawn his consent for the processing of data (in cases where the treatment is based on consent) and there is no other basis for said treatment;<\/li>\n<li style=\"text-align: justify;line-height: 150%\">The holder opposes the treatment and there are no prevailing legitimate interests that justify the treatment.<\/li>\n<\/ul>\n<p>Laborat\u00f3rio Juliana Andr\u00e9 may not be able to respond to a request when it is necessary for your personal information to comply with a legal obligation or in connection with legal proceedings or to exercise the right to freedom of expression and information.<\/p>\n<p style=\"text-align: justify;line-height: 150%\">Right to limitation of treatment: the data subject has the right to obtain from Laborat\u00f3rio Juliana Andr\u00e9 the limitation of treatment, if, in particular, one of the following situations applies:<\/p>\n<ul>\n<li style=\"text-align: justify;line-height: 150%\">Contesting the accuracy of the personal data, during a period that allows the Juliana Andr\u00e9 Laboratory to verify its accuracy;<\/li>\n<li style=\"text-align: justify;line-height: 150%\">The processing of data is lawful and the data subject opposes the erasure of personal data and requests, in return, the limitation of its use;<\/li>\n<li style=\"text-align: justify;line-height: 150%\">Laborat\u00f3rio Juliana Andr\u00e9 no longer needs personal data for processing purposes, but this data is required by the holder for the purposes of declaring, exercising or defending a right in a judicial process;<\/li>\n<li style=\"text-align: justify;line-height: 150%\">If you have objected to the processing, until it is verified that the legitimate reasons of the controller prevail over those of the data subject.<\/li>\n<\/ul>\n<p style=\"text-align: justify;line-height: 150%\">When the user exercises this right, Laborat\u00f3rio Juliana Andr\u00e9 will only be able to store their personal information. Your data cannot be processed unless you give your consent or the processing is necessary in connection with a legal action or to protect the rights of another natural or legal person or for reasons of important public interest. If this situation is justified, we will inform you before the treatment limitation is removed.<\/p>\n<p style=\"text-align: justify;line-height: 150%\">Right to data portability: if the treatment depends on the consent of the data subject or is necessary for the fulfillment of a contract and this treatment has been carried out by automated means, the data subject has the right to receive the personal data that he is told. respect and that you have provided to the Juliana Andr\u00e9 Laboratory in a structured, commonly used and machine-readable format.<\/p>\n<p style=\"text-align: justify;line-height: 150%\">Right of opposition: the user has the right to object at any time to the processing of their personal data in cases where the data processing is carried out for the purpose of the legitimate interests pursued by Laborat\u00f3rio Juliana Andr\u00e9 and whenever the data processing is carried out. for direct marketing or profiling purposes. You can also, at any time, object to the processing of your personal data.<\/p>\n<p style=\"text-align: justify;line-height: 150%\">The user may also request that Laborat\u00f3rio Juliana Andr\u00e9 stop sending him marketing communications, either by email or otherwise. For that you can (i) select the corresponding options contained in the existing forms to collect personal data, (ii) click on the link to unsubscribe from marketing emails or (iii) request, via email or in writing, that your information is not processed for marketing purposes.<\/p>\n<p style=\"text-align: justify;line-height: 150%\">The right of access, rectification, opposition, erasure, limitation and portability of personal data can be requested from Laborat\u00f3rio Juliana Andr\u00e9 by email to the email: geral@laboratoriojulianaandre.com.<\/p>\n<p style=\"text-align: justify;line-height: 150%\">Your requests will be treated with special care so that Laborat\u00f3rio Juliana Andr\u00e9 can ensure the effectiveness of consumer \/ user rights. The user may be asked to prove their identity in order to ensure that the sharing of personal data is only done with the holder and, in certain cases (for example, due to legal requirements) the request cannot be immediately satisfied. In any case, Laborat\u00f3rio Juliana Andr\u00e9 undertakes to inform the user of the measures taken in this regard, within one month from the moment the request is made.<\/p>\n<p style=\"text-align: justify;line-height: 150%\">To exercise these rights, to file a claim or claim or to request clarification on the practices of Laborat\u00f3rio Juliana Andr\u00e9 regarding the processing of personal data, you should contact us via the email geral@laboratoriojulianaandre.com, or write to:<\/p>\n<p style=\"text-align: justify;line-height: 150%\">Juliana Andr\u00e9, Laborat\u00f3rio de Pr\u00f3tese Dent\u00e1ria, Unipessoal Lda, Rua Padre Ant\u00f3nio Vieira, N.\u00ba 226, R\/C 4440-151 Campo Vlg<\/p>\n<p style=\"text-align: justify;line-height: 150%\">Without prejudice to the possibility of complaining to the Juliana Andr\u00e9 Laboratory, the customer and\/or user may file a complaint with the control authority:<\/p>\n<p style=\"text-align: justify;line-height: 150%\">Comiss\u00e3o Nacional de Prote\u00e7\u00e3o de Dados \u2013 CNPD, Rua de S\u00e3o Bento n.\u00ba 148, 3.\u00ba, 1200-821 Lisboa, Tel. +351213928400 (national landline call), geral@cnpd.pt, being able to consult: https:\/\/www.cnpd.pt\/.<\/p>\n<p><b>LINKS TO OTHER SITES<\/b><\/p>\n<p style=\"text-align: justify;line-height: 150%\">The Juliana Andr\u00e9 Laboratory website may contain hyperlinks to other websites for convenience or information purposes. These Sites may operate independently and may have their own privacy policies and notices that should be read by anyone who visits them. Laborat\u00f3rio Juliana Andr\u00e9 is not responsible for the content, use or processing of personal data on any other website.<\/p>\n<p><b>HOW PERSONAL DATA IS PROTECTED<\/b><\/p>\n<p style=\"text-align: justify;line-height: 150%\">Laboratory Juliana Andr\u00e9 adopts technical and administrative measures to protect personal data against unlawful destruction or accidental loss, alteration, disclosure or unauthorized access by third parties. Service providers that have access to personal data, for the purpose of providing services on behalf of Laborat\u00f3rio Juliana Andr\u00e9, will be contractually obliged to keep such data confidential, to implement security measures for data protection and will not be able to use this data. for any other purpose.<\/p>\n<p><b>CONSERVATION OF PERSONAL DATA<\/b><\/p>\n<p style=\"text-align: justify;line-height: 150%\">Laborat\u00f3rio Juliana Andr\u00e9 will keep personal data for the period of time necessary for the purposes for which they are collected, including for the provision of the requested products or services, or for the period of time required by law.<\/p>\n<p style=\"text-align: justify;line-height: 150%\">Data processed for marketing purposes or related activities or with a view to defining profiles will be kept until the data subject revokes the consent given.<\/p>\n<p style=\"text-align: justify;line-height: 150%\">The personal data provided by customers when purchasing products or contracting services will be kept for a period of 10 years, with regard to billing data, and 5 years, after the date of purchase or contracting of services, when kept based on the need for the Juliana Andr\u00e9 Laboratory to defend itself against a legal claim based on contractual or extra-contractual liability.<\/p>\n<p><b>DATA TRANSFER<\/b><\/p>\n<p style=\"text-align: justify;line-height: 150%\">Laborat\u00f3rio Juliana Andr\u00e9 may transfer and store personal data in countries other than the one where it was initially collected, including countries outside the European Economic Area (EEA), in accordance with applicable law. These countries may not have the same level of protection of personal data as the country where the personal data was collected. If and when Laborat\u00f3rio Juliana Andr\u00e9 transfers personal data to other countries, it will adopt the protection measures provided for in this Privacy Policy and comply with the applicable legal provisions that ensure adequate protection for data transfers to countries outside the EEA.<\/p>\n<p><b>UPDATE OF THE PRIVACY POLICY<\/b><\/p>\n<p style=\"text-align: justify;line-height: 150%\">This Privacy Policy may be updated regularly and without prior notice to adapt to changes in data processing. In this case, Laborat\u00f3rio Juliana Andr\u00e9 will post notices on the Site to inform about any substantial change to the Privacy Policy, the Privacy Policy being the date of its most recent update. It is recommended that all customers and users periodically consult this Policy so that you are always aware of updates.<\/p>\n<p><b>CONTACT METHOD<\/b><\/p>\n<p style=\"text-align: justify;line-height: 150%\">In case of doubt, suggestion or any question about the Privacy Policy, if you want to update the information regarding your options or if you want to exercise your rights of access, rectification, opposition, erasure, limitation and portability of your personal data, you should contact the Juliana Andr\u00e9 Laboratory by email to geral@laboratoriojulianaandre.com, or write to:<\/p>\n<p>Juliana Andr\u00e9, Laborat\u00f3rio de Pr\u00f3tese Dent\u00e1ria, Unipessoal Lda, Rua Padre Ant\u00f3nio Vieira, N.\u00ba 226, R\/C 4440-151 Campo Vlg<\/p>\n<p style=\"text-align: justify;line-height: 150%\">IMPORTANT NOTE: in the event of improper access by third parties, the customer and the responsible authority will be alerted to this fact within a maximum period of 72 hours.<\/p>\n<\/div><\/div><\/div><\/div><\/div><\/div><!-- cell_inner --><\/div><!-- cell --><\/div><!-- port --><\/section>","protected":false},"excerpt":{"rendered":"","protected":false},"author":1,"featured_media":0,"parent":0,"menu_order":0,"comment_status":"closed","ping_status":"closed","template":"","meta":{"_monsterinsights_skip_tracking":false,"_monsterinsights_sitenote_active":false,"_monsterinsights_sitenote_note":"","_monsterinsights_sitenote_category":0,"footnotes":""},"aioseo_notices":[],"_links":{"self":[{"href":"https:\/\/laboratoriojulianaandre.pt\/en\/wp-json\/wp\/v2\/pages\/4720"}],"collection":[{"href":"https:\/\/laboratoriojulianaandre.pt\/en\/wp-json\/wp\/v2\/pages"}],"about":[{"href":"https:\/\/laboratoriojulianaandre.pt\/en\/wp-json\/wp\/v2\/types\/page"}],"author":[{"embeddable":true,"href":"https:\/\/laboratoriojulianaandre.pt\/en\/wp-json\/wp\/v2\/users\/1"}],"replies":[{"embeddable":true,"href":"https:\/\/laboratoriojulianaandre.pt\/en\/wp-json\/wp\/v2\/comments?post=4720"}],"version-history":[{"count":3,"href":"https:\/\/laboratoriojulianaandre.pt\/en\/wp-json\/wp\/v2\/pages\/4720\/revisions"}],"predecessor-version":[{"id":5740,"href":"https:\/\/laboratoriojulianaandre.pt\/en\/wp-json\/wp\/v2\/pages\/4720\/revisions\/5740"}],"wp:attachment":[{"href":"https:\/\/laboratoriojulianaandre.pt\/en\/wp-json\/wp\/v2\/media?parent=4720"}],"curies":[{"name":"wp","href":"https:\/\/api.w.org\/{rel}","templated":true}]}}